
{"id":170,"date":"2015-06-25T09:48:19","date_gmt":"2015-06-25T09:48:19","guid":{"rendered":"http:\/\/transparencia.ayto-cabrerizos.com\/?page_id=170"},"modified":"2019-10-14T08:48:19","modified_gmt":"2019-10-14T08:48:19","slug":"presupuesto","status":"publish","type":"page","link":"http:\/\/transparencia.ayto-cabrerizos.com\/?page_id=170","title":{"rendered":"Presupuesto"},"content":{"rendered":"<div class=\"fusion-fullwidth fullwidth-box fusion-fullwidth-1  fusion-parallax-none hundred-percent-fullwidth\" style=\"border-color:#eae9e9;border-bottom-width: 0px;border-top-width: 0px;border-bottom-style: solid;border-top-style: solid;padding-bottom:50px;padding-top:50px;padding-left:0px;padding-right:0px;background-position:center center;background-repeat:no-repeat;-webkit-background-size:cover;-moz-background-size:cover;-o-background-size:cover;background-size:cover;-ms-filter: &quot;progid:DXImageTransform.Microsoft.AlphaImageLoader(src=&#039;http:\/\/transparencia.ayto-cabrerizos.com\/wp-content\/uploads\/2015\/06\/presupuesto-cedec-300x174.jpg&#039;, sizingMethod=&#039;scale&#039;)&quot;;background-image: url(http:\/\/transparencia.ayto-cabrerizos.com\/wp-content\/uploads\/2015\/06\/presupuesto-cedec-300x174.jpg);\"><style type=\"text\/css\" scoped=\"scoped\">.fusion-fullwidth-1 {\n                            padding-left: 0px !important;\n                            padding-right: 0px !important;\n                        }<\/style><div class=\"fusion-row\"><h1 style=\"text-align: center;\"><span style=\"color: #ffcc00;\">Informaci\u00f3n econ\u00f3mica y presupuestaria<\/span><\/h1>\n<\/div><\/div><div class=\"accordian fusion-accordian\"><div class=\"panel-group\" id=\"accordion-170-1\"><div class=\"fusion-panel panel-default\"><div class=\"panel-heading\"><h4 class=\"panel-title toggle\"><a data-toggle=\"collapse\" data-parent=\"#accordion-170-1\" data-target=\"#391dc7071a02f021a\" href=\"#391dc7071a02f021a\"><div class=\"fusion-toggle-icon-wrapper\"><i class=\"fa-fusion-box\"><\/i><\/div><div class=\"fusion-toggle-heading\">Presupuesto General<\/div><\/a><\/h4><\/div><div id=\"391dc7071a02f021a\" class=\"panel-collapse collapse \"><div class=\"panel-body toggle-content\">\n<p>Los presupuestos generales de las entidades locales constituyen la expresi\u00f3n cifrada, conjunta y sistem\u00e1tica de las obligaciones que, como m\u00e1ximo, pueden reconocer la entidad y sus organismos aut\u00f3nomos, y de los derechos que prevean liquidar durante el correspondiente ejercicio.<\/p>\n<ol>\n<li>El presupuesto de la entidad local ser\u00e1 formado por su presidente y a \u00e9l habr\u00e1 de unirse la siguiente documentaci\u00f3n :\n<ul>\n<li>Memoria explicativa de su contenido y de las principales modificaciones que presente en relaci\u00f3n con el vigente.<\/li>\n<li>Liquidaci\u00f3n del presupuesto del ejercicio anterior y avance de la del corriente, referida, al menos, a seis meses del ejercicio corriente.<\/li>\n<li>Anexo de personal de la entidad local.<\/li>\n<li>Anexo de las inversiones a realizar en el ejercicio.<\/li>\n<li>Un informe econ\u00f3mico-financiero, en el que se expongan las bases utilizadas para la evaluaci\u00f3n de los ingresos y de las operaciones de cr\u00e9dito previstas, la suficiencia de los cr\u00e9ditos para atender el cumplimiento de las obligaciones exigibles y los gastos de funcionamiento de los servicios y, en consecuencia, la efectiva nivelaci\u00f3n del presupuesto.<\/li>\n<\/ul>\n<\/li>\n<\/ol>\n\n<\/div><\/div><\/div><div class=\"fusion-panel panel-default\"><div class=\"panel-heading\"><h4 class=\"panel-title toggle\"><a data-toggle=\"collapse\" data-parent=\"#accordion-170-1\" data-target=\"#799b2b9fa4ec2c07e\" href=\"#799b2b9fa4ec2c07e\"><div class=\"fusion-toggle-icon-wrapper\"><i class=\"fa-fusion-box\"><\/i><\/div><div class=\"fusion-toggle-heading\">Modificaciones presupuestarias aprobadas por el Pleno<\/div><\/a><\/h4><\/div><div id=\"799b2b9fa4ec2c07e\" class=\"panel-collapse collapse \"><div class=\"panel-body toggle-content\">\n<p>\nSe publican las Modificaciones presupuestarias aprobadas por el Pleno.<\/p>\n\n<\/div><\/div><\/div><div class=\"fusion-panel panel-default\"><div class=\"panel-heading\"><h4 class=\"panel-title toggle\"><a data-toggle=\"collapse\" data-parent=\"#accordion-170-1\" data-target=\"#53f8b513fc9bef459\" href=\"#53f8b513fc9bef459\"><div class=\"fusion-toggle-icon-wrapper\"><i class=\"fa-fusion-box\"><\/i><\/div><div class=\"fusion-toggle-heading\">Estado de ejecuci\u00f3n del Prespuesto<\/div><\/a><\/h4><\/div><div id=\"53f8b513fc9bef459\" class=\"panel-collapse collapse \"><div class=\"panel-body toggle-content\">\n<p>\nEstado de ejecuci\u00f3n del Prespuesto<\/p>\n\n<\/div><\/div><\/div><div class=\"fusion-panel panel-default\"><div class=\"panel-heading\"><h4 class=\"panel-title toggle\"><a data-toggle=\"collapse\" data-parent=\"#accordion-170-1\" data-target=\"#60f2f44675e196665\" href=\"#60f2f44675e196665\"><div class=\"fusion-toggle-icon-wrapper\"><i class=\"fa-fusion-box\"><\/i><\/div><div class=\"fusion-toggle-heading\">Cumplimiento de objetivos de la estabilidad presupuestaria<\/div><\/a><\/h4><\/div><div id=\"60f2f44675e196665\" class=\"panel-collapse collapse \"><div class=\"panel-body toggle-content\">\n<p>\nCumplimiento de objetivos de la estabilidad presupuestaria<\/p>\n\n<\/div><\/div><\/div><div class=\"fusion-panel panel-default\"><div class=\"panel-heading\"><h4 class=\"panel-title toggle\"><a data-toggle=\"collapse\" data-parent=\"#accordion-170-1\" data-target=\"#2a80de28512480848\" href=\"#2a80de28512480848\"><div class=\"fusion-toggle-icon-wrapper\"><i class=\"fa-fusion-box\"><\/i><\/div><div class=\"fusion-toggle-heading\">Autonom\u00eda fiscal <\/div><\/a><\/h4><\/div><div id=\"2a80de28512480848\" class=\"panel-collapse collapse \"><div class=\"panel-body toggle-content\">\n<p>\nAutonom\u00eda fiscal (Derechos reconocidos netos de ingresos tributarios \/ Derechos reconocidos netos totales).<\/p>\n\n<\/div><\/div><\/div><div class=\"fusion-panel panel-default\"><div class=\"panel-heading\"><h4 class=\"panel-title toggle\"><a data-toggle=\"collapse\" data-parent=\"#accordion-170-1\" data-target=\"#4552c7f5c791fb8b9\" href=\"#4552c7f5c791fb8b9\"><div class=\"fusion-toggle-icon-wrapper\"><i class=\"fa-fusion-box\"><\/i><\/div><div class=\"fusion-toggle-heading\">Capacidad o necesidad de financiaci\u00f3n en t\u00e9rminos de estabiliodad presupuestaria<\/div><\/a><\/h4><\/div><div id=\"4552c7f5c791fb8b9\" class=\"panel-collapse collapse \"><div class=\"panel-body toggle-content\">\n<p>Capacidad o necesidad de financiaci\u00f3n en t\u00e9rminos de estabiliodad presupuestaria<\/p>\n\n<\/div><\/div><\/div><div class=\"fusion-panel panel-default\"><div class=\"panel-heading\"><h4 class=\"panel-title toggle\"><a data-toggle=\"collapse\" data-parent=\"#accordion-170-1\" data-target=\"#db01d200ef5060c87\" href=\"#db01d200ef5060c87\"><div class=\"fusion-toggle-icon-wrapper\"><i class=\"fa-fusion-box\"><\/i><\/div><div class=\"fusion-toggle-heading\">Liquidaci\u00f3n de presupuesto<\/div><\/a><\/h4><\/div><div id=\"db01d200ef5060c87\" class=\"panel-collapse collapse \"><div class=\"panel-body toggle-content\">\n<p>Liquidaci\u00f3n de presupuesto<\/p>\n\n<\/div><\/div><\/div><div class=\"fusion-panel panel-default\"><div class=\"panel-heading\"><h4 class=\"panel-title toggle\"><a data-toggle=\"collapse\" data-parent=\"#accordion-170-1\" data-target=\"#37e731565d7b33fba\" href=\"#37e731565d7b33fba\"><div class=\"fusion-toggle-icon-wrapper\"><i class=\"fa-fusion-box\"><\/i><\/div><div class=\"fusion-toggle-heading\">Cuentas anuales<\/div><\/a><\/h4><\/div><div id=\"37e731565d7b33fba\" class=\"panel-collapse collapse \"><div class=\"panel-body toggle-content\">\n<p>Cuentas anuales<\/p>\n\n<\/div><\/div><\/div><div class=\"fusion-panel panel-default\"><div class=\"panel-heading\"><h4 class=\"panel-title toggle\"><a data-toggle=\"collapse\" data-parent=\"#accordion-170-1\" data-target=\"#f4ddeb57c4373547d\" href=\"#f4ddeb57c4373547d\"><div class=\"fusion-toggle-icon-wrapper\"><i class=\"fa-fusion-box\"><\/i><\/div><div class=\"fusion-toggle-heading\">Masa salarial<\/div><\/a><\/h4><\/div><div id=\"f4ddeb57c4373547d\" class=\"panel-collapse collapse \"><div class=\"panel-body toggle-content\">\n<p>Masa salarial<\/p>\n\n<\/div><\/div><\/div><\/div><\/div>\n","protected":false},"excerpt":{"rendered":"","protected":false},"author":6,"featured_media":0,"parent":13,"menu_order":63,"comment_status":"open","ping_status":"open","template":"","meta":{"footnotes":""},"_links":{"self":[{"href":"http:\/\/transparencia.ayto-cabrerizos.com\/index.php?rest_route=\/wp\/v2\/pages\/170"}],"collection":[{"href":"http:\/\/transparencia.ayto-cabrerizos.com\/index.php?rest_route=\/wp\/v2\/pages"}],"about":[{"href":"http:\/\/transparencia.ayto-cabrerizos.com\/index.php?rest_route=\/wp\/v2\/types\/page"}],"author":[{"embeddable":true,"href":"http:\/\/transparencia.ayto-cabrerizos.com\/index.php?rest_route=\/wp\/v2\/users\/6"}],"replies":[{"embeddable":true,"href":"http:\/\/transparencia.ayto-cabrerizos.com\/index.php?rest_route=%2Fwp%2Fv2%2Fcomments&post=170"}],"version-history":[{"count":20,"href":"http:\/\/transparencia.ayto-cabrerizos.com\/index.php?rest_route=\/wp\/v2\/pages\/170\/revisions"}],"predecessor-version":[{"id":1522,"href":"http:\/\/transparencia.ayto-cabrerizos.com\/index.php?rest_route=\/wp\/v2\/pages\/170\/revisions\/1522"}],"up":[{"embeddable":true,"href":"http:\/\/transparencia.ayto-cabrerizos.com\/index.php?rest_route=\/wp\/v2\/pages\/13"}],"wp:attachment":[{"href":"http:\/\/transparencia.ayto-cabrerizos.com\/index.php?rest_route=%2Fwp%2Fv2%2Fmedia&parent=170"}],"curies":[{"name":"wp","href":"https:\/\/api.w.org\/{rel}","templated":true}]}}