
{"id":172,"date":"2015-06-25T09:48:35","date_gmt":"2015-06-25T09:48:35","guid":{"rendered":"http:\/\/transparencia.ayto-cabrerizos.com\/?page_id=172"},"modified":"2021-05-17T08:53:29","modified_gmt":"2021-05-17T08:53:29","slug":"ingresos-y-gastos","status":"publish","type":"page","link":"http:\/\/transparencia.ayto-cabrerizos.com\/?page_id=172","title":{"rendered":"Ingresos y Gastos"},"content":{"rendered":"<div class=\"fusion-fullwidth fullwidth-box fusion-fullwidth-1  fusion-parallax-none hundred-percent-fullwidth\" style=\"border-color:#eae9e9;border-bottom-width: 0px;border-top-width: 0px;border-bottom-style: solid;border-top-style: solid;padding-bottom:50px;padding-top:50px;padding-left:0px;padding-right:0px;background-position:center center;background-repeat:no-repeat;-webkit-background-size:cover;-moz-background-size:cover;-o-background-size:cover;background-size:cover;-ms-filter: &quot;progid:DXImageTransform.Microsoft.AlphaImageLoader(src=&#039;http:\/\/transparencia.ayto-cabrerizos.com\/wp-content\/uploads\/2015\/06\/presupuesto-cedec-300x174.jpg&#039;, sizingMethod=&#039;scale&#039;)&quot;;background-image: url(http:\/\/transparencia.ayto-cabrerizos.com\/wp-content\/uploads\/2015\/06\/presupuesto-cedec-300x174.jpg);\"><style type=\"text\/css\" scoped=\"scoped\">.fusion-fullwidth-1 {\n                            padding-left: 0px !important;\n                            padding-right: 0px !important;\n                        }<\/style><div class=\"fusion-row\"><h1 style=\"text-align: center;\"><span style=\"color: #bdbdbd;\">Ingresos y gastos municipales<\/span><\/h1>\n<\/div><\/div><div class=\"accordian fusion-accordian\"><div class=\"panel-group\" id=\"accordion-172-1\"><div class=\"fusion-panel panel-default\"><div class=\"panel-heading\"><h4 class=\"panel-title toggle\"><a data-toggle=\"collapse\" data-parent=\"#accordion-172-1\" data-target=\"#d5cd27616aba5c0f2\" href=\"#d5cd27616aba5c0f2\"><div class=\"fusion-toggle-icon-wrapper\"><i class=\"fa-fusion-box\"><\/i><\/div><div class=\"fusion-toggle-heading\">Ingresos fiscales por habitante<\/div><\/a><\/h4><\/div><div id=\"d5cd27616aba5c0f2\" class=\"panel-collapse collapse \"><div class=\"panel-body toggle-content\">\n<p>\nIngresos fiscales por habitante (Ingresos tributarios\/N\u00ba habitantes)<\/p>\n\n<\/div><\/div><\/div><div class=\"fusion-panel panel-default\"><div class=\"panel-heading\"><h4 class=\"panel-title toggle\"><a data-toggle=\"collapse\" data-parent=\"#accordion-172-1\" data-target=\"#96f73a0bb4f4d70e2\" href=\"#96f73a0bb4f4d70e2\"><div class=\"fusion-toggle-icon-wrapper\"><i class=\"fa-fusion-box\"><\/i><\/div><div class=\"fusion-toggle-heading\">Gasto por Habitante<\/div><\/a><\/h4><\/div><div id=\"96f73a0bb4f4d70e2\" class=\"panel-collapse collapse \"><div class=\"panel-body toggle-content\">\n<p>\nGasto por habitante (Obligaciones reconocidas netas \/ No habitantes)<\/p>\n\n<\/div><\/div><\/div><div class=\"fusion-panel panel-default\"><div class=\"panel-heading\"><h4 class=\"panel-title toggle\"><a data-toggle=\"collapse\" data-parent=\"#accordion-172-1\" data-target=\"#7c066606a01e159f0\" href=\"#7c066606a01e159f0\"><div class=\"fusion-toggle-icon-wrapper\"><i class=\"fa-fusion-box\"><\/i><\/div><div class=\"fusion-toggle-heading\">Inversi\u00f3n por habitante<\/div><\/a><\/h4><\/div><div id=\"7c066606a01e159f0\" class=\"panel-collapse collapse \"><div class=\"panel-body toggle-content\">\n<p>\nInversi\u00f3n por habitante (Obligaciones reconocidas netas (Cap. VI y VII) \/ N\u00ba habitantes)\/p><\/p>\n\n<\/div><\/div><\/div><div class=\"fusion-panel panel-default\"><div class=\"panel-heading\"><h4 class=\"panel-title toggle\"><a data-toggle=\"collapse\" data-parent=\"#accordion-172-1\" data-target=\"#569aeb2f1ca0d74b2\" href=\"#569aeb2f1ca0d74b2\"><div class=\"fusion-toggle-icon-wrapper\"><i class=\"fa-fusion-box\"><\/i><\/div><div class=\"fusion-toggle-heading\">Periodo medio de pago<\/div><\/a><\/h4><\/div><div id=\"569aeb2f1ca0d74b2\" class=\"panel-collapse collapse \"><div class=\"panel-body toggle-content\">\n<p>\nEl Periodo Medio de Pago representa la media de d\u00edas transcurridos desde la fecha de inicio de la obligaci\u00f3n de pago y la fecha del pago material. Seg\u00fan la legislaci\u00f3n vigente el plazo es de 30 d\u00edas. Los datos se elaboran y transmiten de forma trimestral teniendo en cuenta los ratios per\u00edodo medio de pago y per\u00edodo medio pendiente de pago.<\/p>\n\n<\/div><\/div><\/div><div class=\"fusion-panel panel-default\"><div class=\"panel-heading\"><h4 class=\"panel-title toggle\"><a data-toggle=\"collapse\" data-parent=\"#accordion-172-1\" data-target=\"#d75d968d01eb4d6ee\" href=\"#d75d968d01eb4d6ee\"><div class=\"fusion-toggle-icon-wrapper\"><i class=\"fa-fusion-box\"><\/i><\/div><div class=\"fusion-toggle-heading\">Periodo Medio de Cobro<\/div><\/a><\/h4><\/div><div id=\"d75d968d01eb4d6ee\" class=\"panel-collapse collapse \"><div class=\"panel-body toggle-content\">\n<p>\nPeriodo medio de cobro (Derechos pendientes de cobro (Cap. I a III) x 365 \/ Derechos reconocidos netos).<\/p>\n\n<\/div><\/div><\/div><\/div><\/div>\n","protected":false},"excerpt":{"rendered":"","protected":false},"author":6,"featured_media":0,"parent":13,"menu_order":73,"comment_status":"open","ping_status":"open","template":"","meta":{"footnotes":""},"_links":{"self":[{"href":"http:\/\/transparencia.ayto-cabrerizos.com\/index.php?rest_route=\/wp\/v2\/pages\/172"}],"collection":[{"href":"http:\/\/transparencia.ayto-cabrerizos.com\/index.php?rest_route=\/wp\/v2\/pages"}],"about":[{"href":"http:\/\/transparencia.ayto-cabrerizos.com\/index.php?rest_route=\/wp\/v2\/types\/page"}],"author":[{"embeddable":true,"href":"http:\/\/transparencia.ayto-cabrerizos.com\/index.php?rest_route=\/wp\/v2\/users\/6"}],"replies":[{"embeddable":true,"href":"http:\/\/transparencia.ayto-cabrerizos.com\/index.php?rest_route=%2Fwp%2Fv2%2Fcomments&post=172"}],"version-history":[{"count":17,"href":"http:\/\/transparencia.ayto-cabrerizos.com\/index.php?rest_route=\/wp\/v2\/pages\/172\/revisions"}],"predecessor-version":[{"id":2025,"href":"http:\/\/transparencia.ayto-cabrerizos.com\/index.php?rest_route=\/wp\/v2\/pages\/172\/revisions\/2025"}],"up":[{"embeddable":true,"href":"http:\/\/transparencia.ayto-cabrerizos.com\/index.php?rest_route=\/wp\/v2\/pages\/13"}],"wp:attachment":[{"href":"http:\/\/transparencia.ayto-cabrerizos.com\/index.php?rest_route=%2Fwp%2Fv2%2Fmedia&parent=172"}],"curies":[{"name":"wp","href":"https:\/\/api.w.org\/{rel}","templated":true}]}}